{"id":1377,"date":"2023-06-27T15:40:31","date_gmt":"2023-06-27T14:40:31","guid":{"rendered":"https:\/\/ccvm-international.com\/produit\/"},"modified":"2023-12-06T10:43:28","modified_gmt":"2023-12-06T10:43:28","slug":"produit","status":"publish","type":"page","link":"https:\/\/ccvm-international.com\/fr\/produit\/","title":{"rendered":"Produit"},"content":{"rendered":"<p>[et_pb_section fb_built=\u00a0\u00bb1&Prime; disabled_on=\u00a0\u00bboff|off|off\u00a0\u00bb _builder_version=\u00a0\u00bb4.21.0&Prime; _module_preset=\u00a0\u00bbdefault\u00a0\u00bb background_image=\u00a0\u00bbhttp:\/\/ccvm-international.com\/wp-content\/uploads\/2023\/06\/rice-field.jpg.webp\u00a0\u00bb height=\u00a0\u00bb600px\u00a0\u00bb custom_margin=\u00a0\u00bb-185px||||false|false\u00a0\u00bb custom_margin_tablet=\u00a0\u00bb-224px||||false|false\u00a0\u00bb custom_margin_phone=\u00a0\u00bb-224px||||false|false\u00a0\u00bb custom_margin_last_edited=\u00a0\u00bbon|tablet\u00a0\u00bb locked=\u00a0\u00bboff\u00a0\u00bb global_colors_info=\u00a0\u00bb{}\u00a0\u00bb][et_pb_row disabled_on=\u00a0\u00bboff|off|off\u00a0\u00bb _builder_version=\u00a0\u00bb4.21.0&Prime; _module_preset=\u00a0\u00bbdefault\u00a0\u00bb global_colors_info=\u00a0\u00bb{}\u00a0\u00bb][et_pb_column type=\u00a0\u00bb4_4&Prime; disabled_on=\u00a0\u00bbon|on|off\u00a0\u00bb _builder_version=\u00a0\u00bb4.21.0&Prime; _module_preset=\u00a0\u00bbdefault\u00a0\u00bb custom_css_main_element=\u00a0\u00bbmargin-left:450px\u00a0\u00bb global_colors_info=\u00a0\u00bb{}\u00a0\u00bb custom_css_main_element_last_edited=\u00a0\u00bbon|phone\u00a0\u00bb custom_css_main_element_tablet=\u00a0\u00bbmargin-left:450px\u00a0\u00bb custom_css_main_element_phone=\u00a0\u00bbmargin-left:450px\u00a0\u00bb][\/et_pb_column][\/et_pb_row][et_pb_row column_structure=\u00a0\u00bb1_4,3_4&Prime; disabled_on=\u00a0\u00bboff|off|off\u00a0\u00bb _builder_version=\u00a0\u00bb4.21.0&Prime; _module_preset=\u00a0\u00bbdefault\u00a0\u00bb custom_margin=\u00a0\u00bb170px||||false|false\u00a0\u00bb custom_margin_tablet=\u00a0\u00bb-100px||||false|false\u00a0\u00bb custom_margin_phone=\u00a0\u00bb-100px||||false|false\u00a0\u00bb custom_margin_last_edited=\u00a0\u00bbon|tablet\u00a0\u00bb global_colors_info=\u00a0\u00bb{}\u00a0\u00bb][et_pb_column type=\u00a0\u00bb1_4&Prime; disabled_on=\u00a0\u00bboff|off|off\u00a0\u00bb _builder_version=\u00a0\u00bb4.21.0&Prime; _module_preset=\u00a0\u00bbdefault\u00a0\u00bb global_colors_info=\u00a0\u00bb{}\u00a0\u00bb][et_pb_text content_tablet=\u00a0\u00bb <\/p>\n<h1>Our<\/h1>\n<h2>Products<\/h2>\n<p> \u00a0\u00bb content_phone=\u00a0\u00bb <\/p>\n<h1>Our<\/h1>\n<h2>Products<\/h2>\n<p> \u00a0\u00bb content_last_edited=\u00a0\u00bbon|phone\u00a0\u00bb _builder_version=\u00a0\u00bb4.21.0&Prime; _module_preset=\u00a0\u00bbdefault\u00a0\u00bb header_text_color=\u00a0\u00bb#47856C\u00a0\u00bb header_font_size=\u00a0\u00bb60px\u00a0\u00bb header_2_text_color=\u00a0\u00bb#F1BE14&Prime; header_2_font_size=\u00a0\u00bb60px\u00a0\u00bb width=\u00a0\u00bb150%\u00a0\u00bb width_tablet=\u00a0\u00bb150%\u00a0\u00bb width_phone=\u00a0\u00bb60%\u00a0\u00bb width_last_edited=\u00a0\u00bbon|phone\u00a0\u00bb custom_padding=\u00a0\u00bb||||false|false\u00a0\u00bb text_font_size_tablet=\u00a0\u00bb\u00a0\u00bb text_font_size_phone=\u00a0\u00bb\u00a0\u00bb text_font_size_last_edited=\u00a0\u00bbon|phone\u00a0\u00bb header_font_size_tablet=\u00a0\u00bb60px\u00a0\u00bb header_font_size_phone=\u00a0\u00bb50px\u00a0\u00bb header_font_size_last_edited=\u00a0\u00bbon|phone\u00a0\u00bb header_2_font_size_tablet=\u00a0\u00bb60px\u00a0\u00bb header_2_font_size_phone=\u00a0\u00bb50px\u00a0\u00bb header_2_font_size_last_edited=\u00a0\u00bbon|phone\u00a0\u00bb locked=\u00a0\u00bboff\u00a0\u00bb global_colors_info=\u00a0\u00bb{}\u00a0\u00bb]<\/p>\n<h1>Notre<\/h1>\n<h2>Des produits<\/h2>\n<p>[\/et_pb_text][\/et_pb_column][et_pb_column type=\u00a0\u00bb3_4&Prime; _builder_version=\u00a0\u00bb4.21.0&Prime; _module_preset=\u00a0\u00bbdefault\u00a0\u00bb global_colors_info=\u00a0\u00bb{}\u00a0\u00bb][et_pb_text _builder_version=\u00a0\u00bb4.21.0&Prime; _module_preset=\u00a0\u00bbdefault\u00a0\u00bb text_text_color=\u00a0\u00bb#FFFFFF\u00a0\u00bb text_font_size=\u00a0\u00bb15px\u00a0\u00bb custom_margin=\u00a0\u00bb60px||||false|false\u00a0\u00bb custom_padding=\u00a0\u00bb||||false|false\u00a0\u00bb locked=\u00a0\u00bboff\u00a0\u00bb global_colors_info=\u00a0\u00bb{}\u00a0\u00bb]<\/p>\n<p>Si vous souhaitez rester inform\u00e9 de nos derni\u00e8res actualit\u00e9s, produits et offres, vous pouvez vous inscrire \u00e0 notre newsletter. C&rsquo;est gratuit et facile \u00e0 faire. Entrez simplement votre adresse e-mail ci-dessous et cliquez sur le bouton d&rsquo;inscription. Vous pouvez vous d\u00e9sabonner \u00e0 tout moment si vous changez d&rsquo;avis. Ne manquez pas cette opportunit\u00e9 de rejoindre notre communaut\u00e9 de clients satisfaits.<\/p>\n<p>[\/et_pb_text][\/et_pb_column][\/et_pb_row][\/et_pb_section][et_pb_section fb_built=\u00a0\u00bb1&Prime; disabled_on=\u00a0\u00bboff|off|off\u00a0\u00bb _builder_version=\u00a0\u00bb4.21.0&Prime; _module_preset=\u00a0\u00bbdefault\u00a0\u00bb locked=\u00a0\u00bboff\u00a0\u00bb global_colors_info=\u00a0\u00bb{}\u00a0\u00bb][et_pb_row _builder_version=\u00a0\u00bb4.21.0&Prime; _module_preset=\u00a0\u00bbdefault\u00a0\u00bb width_tablet=\u00a0\u00bb\u00a0\u00bb width_phone=\u00a0\u00bb\u00a0\u00bb width_last_edited=\u00a0\u00bbon|phone\u00a0\u00bb max_width_tablet=\u00a0\u00bb\u00a0\u00bb max_width_phone=\u00a0\u00bb\u00a0\u00bb max_width_last_edited=\u00a0\u00bbon|phone\u00a0\u00bb global_colors_info=\u00a0\u00bb{}\u00a0\u00bb][et_pb_column type=\u00a0\u00bb4_4&Prime; _builder_version=\u00a0\u00bb4.21.0&Prime; _module_preset=\u00a0\u00bbdefault\u00a0\u00bb global_colors_info=\u00a0\u00bb{}\u00a0\u00bb][et_pb_text _builder_version=\u00a0\u00bb4.21.0&Prime; _module_preset=\u00a0\u00bbdefault\u00a0\u00bb header_font=\u00a0\u00bb|700|||||||\u00a0\u00bb global_colors_info=\u00a0\u00bb{}\u00a0\u00bb]<\/p>\n<h1 style=\"text-align: center;\">Produits \u00e0 base de riz<\/h1>\n<p>[\/et_pb_text][et_pb_code _builder_version=\u00a0\u00bb4.21.0&Prime; _module_preset=\u00a0\u00bbdefault\u00a0\u00bb global_colors_info=\u00a0\u00bb{}\u00a0\u00bb]\r\n\t\t<div class=\"bdp-post-grid-main bdp-design-1 bdpgrid-4 bdp-clearfix\">\r\n\t\t\t<div class=\"bdp-post-grid  bdp-medium-3 bdp-columns  bdp-first\">\r\n\t<div class=\"bdp-post-grid-content \">\r\n\t\t\t\t<div class=\"bdp-post-image-bg\">\r\n\t\t\t<a href=\"https:\/\/ccvm-international.com\/fr\/2023\/11\/06\/1415\/\">\r\n\t\t\t\t<img decoding=\"async\" src=\"https:\/\/ccvm-international.com\/wp-content\/uploads\/2023\/06\/Untitled-design-1-1.png\" alt=\"Le riz au jasmin\" \/>\r\n\t\t\t<\/a>\r\n\t\t<\/div>\r\n\t\t\r\n\t\t<h2 class=\"bdp-post-title\">\r\n\t\t\t<a href=\"https:\/\/ccvm-international.com\/fr\/2023\/11\/06\/1415\/\">Le riz au jasmin<\/a>\r\n\t\t<\/h2>\r\n\r\n\t\t\t<\/div>\r\n<\/div><div class=\"bdp-post-grid  bdp-medium-3 bdp-columns \">\r\n\t<div class=\"bdp-post-grid-content \">\r\n\t\t\t\t<div class=\"bdp-post-image-bg\">\r\n\t\t\t<a href=\"https:\/\/ccvm-international.com\/fr\/2023\/11\/06\/1414\/\">\r\n\t\t\t\t<img decoding=\"async\" src=\"https:\/\/ccvm-international.com\/wp-content\/uploads\/2023\/06\/Untitled-design-2.png\" alt=\"le riz biologique\" \/>\r\n\t\t\t<\/a>\r\n\t\t<\/div>\r\n\t\t\r\n\t\t<h2 class=\"bdp-post-title\">\r\n\t\t\t<a href=\"https:\/\/ccvm-international.com\/fr\/2023\/11\/06\/1414\/\">le riz biologique<\/a>\r\n\t\t<\/h2>\r\n\r\n\t\t\t<\/div>\r\n<\/div><div class=\"bdp-post-grid  bdp-medium-3 bdp-columns \">\r\n\t<div class=\"bdp-post-grid-content \">\r\n\t\t\t\t<div class=\"bdp-post-image-bg\">\r\n\t\t\t<a href=\"https:\/\/ccvm-international.com\/fr\/2023\/11\/06\/1411\/\">\r\n\t\t\t\t<img decoding=\"async\" src=\"https:\/\/ccvm-international.com\/wp-content\/uploads\/2023\/06\/Untitled-design-3.png\" alt=\"Le riz noir a une\" \/>\r\n\t\t\t<\/a>\r\n\t\t<\/div>\r\n\t\t\r\n\t\t<h2 class=\"bdp-post-title\">\r\n\t\t\t<a href=\"https:\/\/ccvm-international.com\/fr\/2023\/11\/06\/1411\/\">Le riz noir a une<\/a>\r\n\t\t<\/h2>\r\n\r\n\t\t\t<\/div>\r\n<\/div><div class=\"bdp-post-grid  bdp-medium-3 bdp-columns \">\r\n\t<div class=\"bdp-post-grid-content \">\r\n\t\t\t\t<div class=\"bdp-post-image-bg\">\r\n\t\t\t<a href=\"https:\/\/ccvm-international.com\/fr\/2023\/11\/06\/1413\/\">\r\n\t\t\t\t<img decoding=\"async\" src=\"https:\/\/ccvm-international.com\/wp-content\/uploads\/2023\/11\/red-rice_1.jpg\" alt=\"Le riz rouge\" \/>\r\n\t\t\t<\/a>\r\n\t\t<\/div>\r\n\t\t\r\n\t\t<h2 class=\"bdp-post-title\">\r\n\t\t\t<a href=\"https:\/\/ccvm-international.com\/fr\/2023\/11\/06\/1413\/\">Le riz rouge<\/a>\r\n\t\t<\/h2>\r\n\r\n\t\t\t<\/div>\r\n<\/div><div class=\"bdp-post-grid  bdp-medium-3 bdp-columns  bdp-first\">\r\n\t<div class=\"bdp-post-grid-content \">\r\n\t\t\t\t<div class=\"bdp-post-image-bg\">\r\n\t\t\t<a href=\"https:\/\/ccvm-international.com\/fr\/2023\/11\/06\/1412\/\">\r\n\t\t\t\t<img decoding=\"async\" src=\"https:\/\/ccvm-international.com\/wp-content\/uploads\/2023\/11\/parble_rc.jpg\" alt=\"Parboiled Rice\" \/>\r\n\t\t\t<\/a>\r\n\t\t<\/div>\r\n\t\t\r\n\t\t<h2 class=\"bdp-post-title\">\r\n\t\t\t<a href=\"https:\/\/ccvm-international.com\/fr\/2023\/11\/06\/1412\/\">Parboiled Rice<\/a>\r\n\t\t<\/h2>\r\n\r\n\t\t\t<\/div>\r\n<\/div><div class=\"bdp-post-grid  bdp-medium-3 bdp-columns \">\r\n\t<div class=\"bdp-post-grid-content \">\r\n\t\t\t\t<div class=\"bdp-post-image-bg\">\r\n\t\t\t<a href=\"https:\/\/ccvm-international.com\/fr\/2023\/11\/06\/1410\/\">\r\n\t\t\t\t<img decoding=\"async\" src=\"https:\/\/ccvm-international.com\/wp-content\/uploads\/2023\/11\/brown-rice-small.png\" alt=\"Riz brun biologique \u00e0 grain moyen\" \/>\r\n\t\t\t<\/a>\r\n\t\t<\/div>\r\n\t\t\r\n\t\t<h2 class=\"bdp-post-title\">\r\n\t\t\t<a href=\"https:\/\/ccvm-international.com\/fr\/2023\/11\/06\/1410\/\">Riz brun biologique \u00e0 grain moyen<\/a>\r\n\t\t<\/h2>\r\n\r\n\t\t\t<\/div>\r\n<\/div>\t\t<\/div>\r\n\r\n\t\t[\/et_pb_code][\/et_pb_column][\/et_pb_row][et_pb_row _builder_version=\u00a0\u00bb4.21.0&Prime; _module_preset=\u00a0\u00bbdefault\u00a0\u00bb global_colors_info=\u00a0\u00bb{}\u00a0\u00bb][et_pb_column type=\u00a0\u00bb4_4&Prime; _builder_version=\u00a0\u00bb4.21.0&Prime; _module_preset=\u00a0\u00bbdefault\u00a0\u00bb global_colors_info=\u00a0\u00bb{}\u00a0\u00bb][et_pb_text _builder_version=\u00a0\u00bb4.21.0&Prime; _module_preset=\u00a0\u00bbdefault\u00a0\u00bb header_font=\u00a0\u00bb|700|||||||\u00a0\u00bb global_colors_info=\u00a0\u00bb{}\u00a0\u00bb]<\/p>\n<h1 style=\"text-align: center;\">Autres produits<\/h1>\n<p>[\/et_pb_text][et_pb_code _builder_version=\u00a0\u00bb4.21.0&Prime; _module_preset=\u00a0\u00bbdefault\u00a0\u00bb global_colors_info=\u00a0\u00bb{}\u00a0\u00bb]\r\n\t\t<div class=\"bdp-post-grid-main bdp-design-1 bdpgrid-4 bdp-clearfix\">\r\n\t\t\t<div class=\"bdp-post-grid  bdp-medium-3 bdp-columns  bdp-first\">\r\n\t<div class=\"bdp-post-grid-content \">\r\n\t\t\t\t<div class=\"bdp-post-image-bg\">\r\n\t\t\t<a href=\"https:\/\/ccvm-international.com\/fr\/2023\/11\/06\/1407\/\">\r\n\t\t\t\t<img decoding=\"async\" src=\"https:\/\/ccvm-international.com\/wp-content\/uploads\/2023\/06\/Untitled-design-7.png\" alt=\"Caoutchouc cambodgien\" \/>\r\n\t\t\t<\/a>\r\n\t\t<\/div>\r\n\t\t\r\n\t\t<h2 class=\"bdp-post-title\">\r\n\t\t\t<a href=\"https:\/\/ccvm-international.com\/fr\/2023\/11\/06\/1407\/\">Caoutchouc cambodgien<\/a>\r\n\t\t<\/h2>\r\n\r\n\t\t\t<\/div>\r\n<\/div><div class=\"bdp-post-grid  bdp-medium-3 bdp-columns \">\r\n\t<div class=\"bdp-post-grid-content \">\r\n\t\t\t\t<div class=\"bdp-post-image-bg\">\r\n\t\t\t<a href=\"https:\/\/ccvm-international.com\/fr\/2023\/12\/05\/1486\/\">\r\n\t\t\t\t<img decoding=\"async\" src=\"https:\/\/ccvm-international.com\/wp-content\/uploads\/2023\/12\/Cassava1.jpg\" alt=\"Manioc\" \/>\r\n\t\t\t<\/a>\r\n\t\t<\/div>\r\n\t\t\r\n\t\t<h2 class=\"bdp-post-title\">\r\n\t\t\t<a href=\"https:\/\/ccvm-international.com\/fr\/2023\/12\/05\/1486\/\">Manioc<\/a>\r\n\t\t<\/h2>\r\n\r\n\t\t\t<\/div>\r\n<\/div><div class=\"bdp-post-grid  bdp-medium-3 bdp-columns \">\r\n\t<div class=\"bdp-post-grid-content \">\r\n\t\t\t\t<div class=\"bdp-post-image-bg\">\r\n\t\t\t<a href=\"https:\/\/ccvm-international.com\/fr\/2023\/11\/06\/1408\/\">\r\n\t\t\t\t<img decoding=\"async\" src=\"https:\/\/ccvm-international.com\/wp-content\/uploads\/2023\/11\/top-view-delicious-cashews-table_23-2148479091.jpg\" alt=\"Noix de cajou\" \/>\r\n\t\t\t<\/a>\r\n\t\t<\/div>\r\n\t\t\r\n\t\t<h2 class=\"bdp-post-title\">\r\n\t\t\t<a href=\"https:\/\/ccvm-international.com\/fr\/2023\/11\/06\/1408\/\">Noix de cajou<\/a>\r\n\t\t<\/h2>\r\n\r\n\t\t\t<\/div>\r\n<\/div><div class=\"bdp-post-grid  bdp-medium-3 bdp-columns \">\r\n\t<div class=\"bdp-post-grid-content \">\r\n\t\t\t\t<div class=\"bdp-post-image-bg\">\r\n\t\t\t<a href=\"https:\/\/ccvm-international.com\/fr\/2023\/11\/06\/1409\/\">\r\n\t\t\t\t<img decoding=\"async\" src=\"https:\/\/ccvm-international.com\/wp-content\/uploads\/2023\/11\/word-image-1146-1.jpeg\" alt=\"Vin rouge\" \/>\r\n\t\t\t<\/a>\r\n\t\t<\/div>\r\n\t\t\r\n\t\t<h2 class=\"bdp-post-title\">\r\n\t\t\t<a href=\"https:\/\/ccvm-international.com\/fr\/2023\/11\/06\/1409\/\">Vin rouge<\/a>\r\n\t\t<\/h2>\r\n\r\n\t\t\t<\/div>\r\n<\/div>\t\t<\/div>\r\n\r\n\t\t[\/et_pb_code][\/et_pb_column][\/et_pb_row][\/et_pb_section]<\/p>\n","protected":false},"excerpt":{"rendered":"<p>[et_pb_section fb_built=\u00a0\u00bb1&Prime; disabled_on=\u00a0\u00bboff|off|off\u00a0\u00bb _builder_version=\u00a0\u00bb4.21.0&Prime; _module_preset=\u00a0\u00bbdefault\u00a0\u00bb background_image=\u00a0\u00bbhttp:\/\/ccvm-international.com\/wp-content\/uploads\/2023\/06\/rice-field.jpg.webp\u00a0\u00bb height=\u00a0\u00bb600px\u00a0\u00bb custom_margin=\u00a0\u00bb-185px||||false|false\u00a0\u00bb custom_margin_tablet=\u00a0\u00bb-224px||||false|false\u00a0\u00bb custom_margin_phone=\u00a0\u00bb-224px||||false|false\u00a0\u00bb custom_margin_last_edited=\u00a0\u00bbon|tablet\u00a0\u00bb locked=\u00a0\u00bboff\u00a0\u00bb global_colors_info=\u00a0\u00bb{}\u00a0\u00bb][et_pb_row disabled_on=\u00a0\u00bboff|off|off\u00a0\u00bb _builder_version=\u00a0\u00bb4.21.0&Prime; _module_preset=\u00a0\u00bbdefault\u00a0\u00bb global_colors_info=\u00a0\u00bb{}\u00a0\u00bb][et_pb_column type=\u00a0\u00bb4_4&Prime; disabled_on=\u00a0\u00bbon|on|off\u00a0\u00bb _builder_version=\u00a0\u00bb4.21.0&Prime; _module_preset=\u00a0\u00bbdefault\u00a0\u00bb custom_css_main_element=\u00a0\u00bbmargin-left:450px\u00a0\u00bb global_colors_info=\u00a0\u00bb{}\u00a0\u00bb custom_css_main_element_last_edited=\u00a0\u00bbon|phone\u00a0\u00bb custom_css_main_element_tablet=\u00a0\u00bbmargin-left:450px\u00a0\u00bb custom_css_main_element_phone=\u00a0\u00bbmargin-left:450px\u00a0\u00bb][\/et_pb_column][\/et_pb_row][et_pb_row column_structure=\u00a0\u00bb1_4,3_4&Prime; disabled_on=\u00a0\u00bboff|off|off\u00a0\u00bb _builder_version=\u00a0\u00bb4.21.0&Prime; _module_preset=\u00a0\u00bbdefault\u00a0\u00bb custom_margin=\u00a0\u00bb170px||||false|false\u00a0\u00bb custom_margin_tablet=\u00a0\u00bb-100px||||false|false\u00a0\u00bb custom_margin_phone=\u00a0\u00bb-100px||||false|false\u00a0\u00bb custom_margin_last_edited=\u00a0\u00bbon|tablet\u00a0\u00bb global_colors_info=\u00a0\u00bb{}\u00a0\u00bb][et_pb_column type=\u00a0\u00bb1_4&Prime; disabled_on=\u00a0\u00bboff|off|off\u00a0\u00bb _builder_version=\u00a0\u00bb4.21.0&Prime; _module_preset=\u00a0\u00bbdefault\u00a0\u00bb global_colors_info=\u00a0\u00bb{}\u00a0\u00bb][et_pb_text content_tablet=\u00a0\u00bb Our Products \u00a0\u00bb content_phone=\u00a0\u00bb Our Products \u00a0\u00bb content_last_edited=\u00a0\u00bbon|phone\u00a0\u00bb _builder_version=\u00a0\u00bb4.21.0&Prime; _module_preset=\u00a0\u00bbdefault\u00a0\u00bb header_text_color=\u00a0\u00bb#47856C\u00a0\u00bb header_font_size=\u00a0\u00bb60px\u00a0\u00bb header_2_text_color=\u00a0\u00bb#F1BE14&Prime; header_2_font_size=\u00a0\u00bb60px\u00a0\u00bb [&hellip;]<\/p>\n","protected":false},"author":2,"featured_media":0,"parent":0,"menu_order":0,"comment_status":"closed","ping_status":"closed","template":"","meta":{"_et_pb_use_builder":"on","_et_pb_old_content":"","_et_gb_content_width":""},"aioseo_notices":[],"jetpack_sharing_enabled":true,"_links":{"self":[{"href":"https:\/\/ccvm-international.com\/fr\/wp-json\/wp\/v2\/pages\/1377"}],"collection":[{"href":"https:\/\/ccvm-international.com\/fr\/wp-json\/wp\/v2\/pages"}],"about":[{"href":"https:\/\/ccvm-international.com\/fr\/wp-json\/wp\/v2\/types\/page"}],"author":[{"embeddable":true,"href":"https:\/\/ccvm-international.com\/fr\/wp-json\/wp\/v2\/users\/2"}],"replies":[{"embeddable":true,"href":"https:\/\/ccvm-international.com\/fr\/wp-json\/wp\/v2\/comments?post=1377"}],"version-history":[{"count":2,"href":"https:\/\/ccvm-international.com\/fr\/wp-json\/wp\/v2\/pages\/1377\/revisions"}],"predecessor-version":[{"id":1597,"href":"https:\/\/ccvm-international.com\/fr\/wp-json\/wp\/v2\/pages\/1377\/revisions\/1597"}],"wp:attachment":[{"href":"https:\/\/ccvm-international.com\/fr\/wp-json\/wp\/v2\/media?parent=1377"}],"curies":[{"name":"wp","href":"https:\/\/api.w.org\/{rel}","templated":true}]}}